{"id":1740,"date":"2024-05-28T10:00:43","date_gmt":"2024-05-28T08:00:43","guid":{"rendered":"https:\/\/mmtechnology.eu\/?page_id=1740"},"modified":"2025-07-21T10:15:16","modified_gmt":"2025-07-21T08:15:16","slug":"cookies","status":"publish","type":"page","link":"https:\/\/mmtechnology.eu\/cs\/cookies\/","title":{"rendered":"Cookies"},"content":{"rendered":"<p><div class=\"fusion-fullwidth fullwidth-box fusion-builder-row-1 fusion-flex-container has-pattern-background has-mask-background nonhundred-percent-fullwidth non-hundred-percent-height-scrolling\" style=\"--awb-background-position:left top;--awb-background-blend-mode:screen;--awb-border-radius-top-left:0px;--awb-border-radius-top-right:0px;--awb-border-radius-bottom-right:0px;--awb-border-radius-bottom-left:0px;--awb-padding-top:0px;--awb-padding-right:0px;--awb-padding-bottom:5vw;--awb-padding-left:0px;--awb-padding-top-medium:0px;--awb-padding-bottom-medium:0px;--awb-padding-top-small:0px;--awb-background-color:rgba(255,255,255,0);--awb-flex-wrap:wrap;\" ><div class=\"fusion-builder-row fusion-row fusion-flex-align-items-stretch fusion-flex-justify-content-center fusion-flex-content-wrap\" style=\"max-width:calc( 1370px + 0px );margin-left: calc(-0px \/ 2 );margin-right: calc(-0px \/ 2 );\"><div class=\"fusion-layout-column fusion_builder_column fusion-builder-column-0 fusion_builder_column_1_1 1_1 fusion-flex-column\" style=\"--awb-padding-top:3vw;--awb-padding-right:6vw;--awb-padding-bottom:4vw;--awb-padding-left:6vw;--awb-padding-bottom-small:5vw;--awb-bg-color:var(--awb-color2);--awb-bg-color-hover:var(--awb-color2);--awb-bg-size:cover;--awb-width-large:100%;--awb-margin-top-large:0px;--awb-spacing-right-large:0px;--awb-margin-bottom-large:0px;--awb-spacing-left-large:0px;--awb-width-medium:100%;--awb-order-medium:0;--awb-spacing-right-medium:0px;--awb-spacing-left-medium:0px;--awb-width-small:100%;--awb-order-small:0;--awb-spacing-right-small:0px;--awb-spacing-left-small:0px;\" data-scroll-devices=\"small-visibility,medium-visibility,large-visibility\"><div class=\"fusion-column-wrapper fusion-column-has-shadow fusion-flex-justify-content-flex-start fusion-content-layout-column\"><div class=\"fusion-separator fusion-full-width-sep\" style=\"align-self: center;margin-left: auto;margin-right: auto;margin-bottom:40px;width:100%;\"><\/div><div class=\"fusion-title title fusion-title-1 fusion-sep-none fusion-title-text fusion-title-size-two\" style=\"--awb-margin-top-small:10px;--awb-margin-right-small:0px;--awb-margin-bottom-small:10px;--awb-margin-left-small:0px;\"><h2 class=\"fusion-title-heading title-heading-left\" style=\"margin:0;\">Z\u00e1sady pou\u017eit\u00ed cookies<\/h2><\/div><div class=\"fusion-text fusion-text-1\"><p>P\u0159i n\u00e1v\u0161t\u011bv\u011b a pou\u017e\u00edv\u00e1n\u00ed webov\u00fdch str\u00e1nek spole\u010dnosti KM Racing s.r.o. se ve va\u0161em za\u0159\u00edzen\u00ed aktivuj\u00ed cookies nebo jin\u00e9 technologie, jako jsou pixely (d\u00e1le spole\u010dn\u011b \u201ecookies\u201c). Cookies jsou obsahov\u011b mal\u00e9 soubory, kter\u00e9 slou\u017e\u00ed k ukl\u00e1d\u00e1n\u00ed a p\u0159ij\u00edm\u00e1n\u00ed identifik\u00e1tor\u016f a dal\u0161\u00edch informac\u00ed o po\u010d\u00edta\u010d\u00edch, telefonech a jin\u00fdch za\u0159\u00edzen\u00edch, z nich\u017e p\u0159istupujete na webov\u00e9 str\u00e1nky, a pom\u00e1haj\u00ed n\u00e1m tak poskytovat, chr\u00e1nit a zlep\u0161ovat nab\u00edzen\u00e9 slu\u017eby. Pou\u017e\u00edv\u00e1n\u00ed cookies n\u00e1m umo\u017en\u00ed nab\u00eddnout V\u00e1m takov\u00fd obsah a slu\u017eby, kter\u00e9 nejl\u00e9pe odpov\u00eddaj\u00ed Va\u0161im pot\u0159eb\u00e1m a z\u00e1jm\u016fm. Cookies umo\u017e\u0148uj\u00ed zaznamenat informace o Va\u0161\u00ed n\u00e1v\u0161t\u011bv\u011b webov\u00fdch str\u00e1nek a d\u00edky jejich pou\u017e\u00edv\u00e1n\u00ed tak bude Va\u0161e dal\u0161\u00ed n\u00e1v\u0161t\u011bva snaz\u0161\u00ed a rychlej\u0161\u00ed.<\/p>\n<\/div><div class=\"fusion-title title fusion-title-2 fusion-sep-none fusion-title-text fusion-title-size-two\" style=\"--awb-margin-top-small:10px;--awb-margin-right-small:0px;--awb-margin-bottom-small:10px;--awb-margin-left-small:0px;\"><h2 class=\"fusion-title-heading title-heading-left\" style=\"margin:0;\">Jak\u00e9 cookies pou\u017e\u00edv\u00e1me?<\/h2><\/div><div class=\"fusion-text fusion-text-2\"><p>Spole\u010dnost KM Racing pou\u017e\u00edv\u00e1 na sv\u00fdch webov\u00fdch str\u00e1nk\u00e1ch funk\u010dn\u00ed, z\u00e1kladn\u00ed analytick\u00e9 a marketingov\u00e9 cookies.<\/p>\n<\/div><div class=\"fusion-title title fusion-title-3 fusion-sep-none fusion-title-text fusion-title-size-two\" style=\"--awb-margin-top-small:10px;--awb-margin-right-small:0px;--awb-margin-bottom-small:10px;--awb-margin-left-small:0px;\"><h2 class=\"fusion-title-heading title-heading-left\" style=\"margin:0;\">Funk\u010dn\u00ed cookies<\/h2><\/div><div class=\"fusion-text fusion-text-3\"><p>P\u0159i n\u00e1v\u0161t\u011bv\u011b a pou\u017e\u00edv\u00e1n\u00ed na\u0161ich webov\u00fdch str\u00e1nek pouze pro informa\u010dn\u00ed \u00fa\u010dely, tj. pokud se nezaregistrujete nebo n\u00e1m neud\u011bl\u00edte souhlas, shroma\u017e\u010fujeme pouze osobn\u00ed \u00fadaje, kter\u00e9 V\u00e1\u0161 prohl\u00ed\u017ee\u010d p\u0159ed\u00e1v\u00e1 na n\u00e1\u0161 server, co\u017e je nezbytn\u00e9, abychom V\u00e1m mohli zobrazit webov\u00e9 str\u00e1nky a zaru\u010dit V\u00e1m stabilitu a bezpe\u010dnost jejich u\u017e\u00edv\u00e1n\u00ed.<\/p>\n<\/div><div class=\"fusion-title title fusion-title-4 fusion-sep-none fusion-title-text fusion-title-size-two\" style=\"--awb-margin-top-small:10px;--awb-margin-right-small:0px;--awb-margin-bottom-small:10px;--awb-margin-left-small:0px;\"><h2 class=\"fusion-title-heading title-heading-left\" style=\"margin:0;\">Z\u00e1kladn\u00ed analytick\u00e9 cookies<\/h2><\/div><div class=\"fusion-text fusion-text-4\"><p>Tyto cookies slou\u017e\u00ed ke zlep\u0161en\u00ed fungov\u00e1n\u00ed webov\u00fdch str\u00e1nek. Umo\u017e\u0148uj\u00ed n\u00e1m rozpoznat a zjistit po\u010det n\u00e1v\u0161t\u011bvn\u00edk\u016f a sledovat, jak n\u00e1v\u0161t\u011bvn\u00edci pou\u017e\u00edvaj\u00ed na\u0161e webov\u00e9 str\u00e1nky. Pom\u00e1haj\u00ed n\u00e1m zlep\u0161ovat zp\u016fsob, jak\u00fdm webov\u00e9 str\u00e1nky funguj\u00ed, nap\u0159\u00edklad tak, \u017ee umo\u017e\u0148uj\u00ed u\u017eivatel\u016fm snadno naj\u00edt to, co hledaj\u00ed. Tyto cookies neshroma\u017e\u010fuj\u00ed informace, kter\u00e9 by dok\u00e1zaly identifikovat Va\u0161i osobu. Pomoc\u00ed t\u011bchto n\u00e1stroj\u016f analyzujeme a pravideln\u011b zlep\u0161ujeme funkcionalitu na\u0161ich webov\u00fdch str\u00e1nek. Z\u00edskan\u00e9 statistiky m\u016f\u017eeme pou\u017e\u00edt ke zlep\u0161en\u00ed u\u017eivatelsk\u00e9ho komfortu a abychom u\u010dinili Va\u0161i n\u00e1v\u0161t\u011bvu webov\u00fdch str\u00e1nek zaj\u00edmav\u011bj\u0161\u00ed pro V\u00e1s jako u\u017eivatele.<\/p>\n<\/div><div class=\"fusion-title title fusion-title-5 fusion-sep-none fusion-title-text fusion-title-size-two\" style=\"--awb-margin-top-small:10px;--awb-margin-right-small:0px;--awb-margin-bottom-small:10px;--awb-margin-left-small:0px;\"><h2 class=\"fusion-title-heading title-heading-left\" style=\"margin:0;\">Marketingov\u00e9 cookies<\/h2><\/div><div class=\"fusion-text fusion-text-5\"><p>Pou\u017e\u00edvaj\u00ed se ke sledov\u00e1n\u00ed preferenc\u00ed u\u017eivatele webov\u00fdch str\u00e1nek za \u00fa\u010delem c\u00edlen\u00ed reklamy, tj. zobrazen\u00ed marketingov\u00fdch a reklamn\u00edch sd\u011blen\u00ed (i na str\u00e1nk\u00e1ch t\u0159et\u00edch stran) v souladu s t\u011bmito preferencemi. Marketingov\u00e9 soubory cookies vyu\u017e\u00edvaj\u00ed n\u00e1stroj\u016f extern\u00edch spole\u010dnost\u00ed. Tyto marketingov\u00e9 cookies budou pou\u017eity pouze na z\u00e1klad\u011b Va\u0161eho souhlasu.<\/p>\n<\/div><\/div><\/div><\/div><\/div><div class=\"fusion-fullwidth fullwidth-box fusion-builder-row-2 fusion-flex-container has-pattern-background has-mask-background nonhundred-percent-fullwidth non-hundred-percent-height-scrolling\" style=\"--awb-border-radius-top-left:0px;--awb-border-radius-top-right:0px;--awb-border-radius-bottom-right:0px;--awb-border-radius-bottom-left:0px;--awb-flex-wrap:wrap;\" ><div class=\"fusion-builder-row fusion-row fusion-flex-align-items-flex-start fusion-flex-content-wrap\" style=\"max-width:1424.8px;margin-left: calc(-4% \/ 2 );margin-right: calc(-4% \/ 2 );\"><div class=\"fusion-layout-column fusion_builder_column fusion-builder-column-1 fusion_builder_column_1_1 1_1 fusion-flex-column\" style=\"--awb-bg-size:cover;--awb-width-large:100%;--awb-margin-top-large:0px;--awb-spacing-right-large:1.92%;--awb-margin-bottom-large:20px;--awb-spacing-left-large:1.92%;--awb-width-medium:100%;--awb-order-medium:0;--awb-spacing-right-medium:1.92%;--awb-spacing-left-medium:1.92%;--awb-width-small:100%;--awb-order-small:0;--awb-spacing-right-small:1.92%;--awb-spacing-left-small:1.92%;\"><div class=\"fusion-column-wrapper fusion-column-has-shadow fusion-flex-justify-content-flex-start fusion-content-layout-column\"><div class=\"fusion-separator fusion-no-large-visibility fusion-full-width-sep\" style=\"align-self: center;margin-left: auto;margin-right: auto;margin-top:50px;width:100%;\"><\/div><\/div><\/div><\/div><\/div><div class=\"fusion-fullwidth fullwidth-box fusion-builder-row-3 fusion-flex-container nonhundred-percent-fullwidth non-hundred-percent-height-scrolling\" style=\"--awb-border-radius-top-left:0px;--awb-border-radius-top-right:0px;--awb-border-radius-bottom-right:0px;--awb-border-radius-bottom-left:0px;--awb-margin-bottom:115px;--awb-margin-bottom-medium:70px;--awb-flex-wrap:wrap;\" ><div class=\"fusion-builder-row fusion-row fusion-flex-align-items-center fusion-flex-content-wrap\" style=\"max-width:1424.8px;margin-left: calc(-4% \/ 2 );margin-right: calc(-4% \/ 2 );\"><div class=\"fusion-layout-column fusion_builder_column fusion-builder-column-2 fusion_builder_column_1_1 1_1 fusion-flex-column\" style=\"--awb-bg-size:cover;--awb-width-large:100%;--awb-margin-top-large:0px;--awb-spacing-right-large:1.92%;--awb-margin-bottom-large:90px;--awb-spacing-left-large:1.92%;--awb-width-medium:100%;--awb-order-medium:0;--awb-spacing-right-medium:1.92%;--awb-spacing-left-medium:1.92%;--awb-width-small:100%;--awb-order-small:0;--awb-spacing-right-small:1.92%;--awb-spacing-left-small:1.92%;\"><div class=\"fusion-column-wrapper fusion-column-has-shadow fusion-flex-justify-content-flex-start fusion-content-layout-column\"><div class=\"fusion-title title fusion-title-6 fusion-sep-none fusion-title-center fusion-title-text fusion-title-size-two\" style=\"--awb-margin-bottom:30px;--awb-margin-top-small:10px;--awb-margin-right-small:0px;--awb-margin-bottom-small:10px;--awb-margin-left-small:0px;\"><h2 class=\"fusion-title-heading title-heading-center\" style=\"margin:0;\">Na\u0161i klienti<\/h2><\/div><div class=\"fusion-text fusion-text-6\" style=\"--awb-content-alignment:center;--awb-font-size:21px;\"><p style=\"width: 80%; margin: 0 auto;\">V pr\u016fb\u011bhu let jsme postavili unik\u00e1tn\u00ed z\u00e1vodn\u00ed kamiony a vyrobily d\u00edly pro mnoho z\u00e1vodn\u00edch t\u00fdm\u016f. N\u00ed\u017ee najdete vybran\u00e9 spokojen\u00e9 z\u00e1kazn\u00edky.<\/p>\n<\/div><\/div><\/div><div class=\"fusion-layout-column fusion_builder_column fusion-builder-column-3 fusion_builder_column_1_6 1_6 fusion-flex-column\" style=\"--awb-bg-size:cover;--awb-width-large:16.6666666667%;--awb-margin-top-large:0px;--awb-spacing-right-large:11.52%;--awb-margin-bottom-large:0px;--awb-spacing-left-large:11.52%;--awb-width-medium:16.6666666667%;--awb-order-medium:0;--awb-spacing-right-medium:11.52%;--awb-spacing-left-medium:11.52%;--awb-width-small:50%;--awb-order-small:0;--awb-spacing-right-small:3.84%;--awb-margin-bottom-small:40px;--awb-spacing-left-small:3.84%;\"><div class=\"fusion-column-wrapper fusion-column-has-shadow fusion-flex-justify-content-flex-start fusion-content-layout-column\"><div class=\"fusion-image-element\" style=\"text-align:center;--awb-max-width:180px;--awb-caption-title-font-family:var(--h2_typography-font-family);--awb-caption-title-font-weight:var(--h2_typography-font-weight);--awb-caption-title-font-style:var(--h2_typography-font-style);--awb-caption-title-size:var(--h2_typography-font-size);--awb-caption-title-transform:var(--h2_typography-text-transform);--awb-caption-title-line-height:var(--h2_typography-line-height);--awb-caption-title-letter-spacing:var(--h2_typography-letter-spacing);\"><span class=\"fusion-imageframe imageframe-none imageframe-1 hover-type-none\"><a class=\"fusion-no-lightbox\" href=\"https:\/\/italtransracingteam.com\/\" target=\"_blank\" aria-label=\"Italtrans racing team logo\" rel=\"noopener noreferrer\"><img decoding=\"async\" width=\"600\" height=\"300\" alt=\"Italtrans racing team logo\" src=\"https:\/\/mmtechnology.eu\/wp-content\/uploads\/2024\/05\/mmt-logo-italtrans-racing.png\" data-orig-src=\"https:\/\/mmtechnology.eu\/wp-content\/uploads\/2024\/05\/mmt-logo-italtrans-racing.png\" class=\"lazyload img-responsive wp-image-1548\" srcset=\"data:image\/svg+xml,%3Csvg%20xmlns%3D%27http%3A%2F%2Fwww.w3.org%2F2000%2Fsvg%27%20width%3D%27600%27%20height%3D%27300%27%20viewBox%3D%270%200%20600%20300%27%3E%3Crect%20width%3D%27600%27%20height%3D%27300%27%20fill-opacity%3D%220%22%2F%3E%3C%2Fsvg%3E\" data-srcset=\"https:\/\/mmtechnology.eu\/wp-content\/uploads\/2024\/05\/mmt-logo-italtrans-racing-200x100.png 200w, https:\/\/mmtechnology.eu\/wp-content\/uploads\/2024\/05\/mmt-logo-italtrans-racing-400x200.png 400w, https:\/\/mmtechnology.eu\/wp-content\/uploads\/2024\/05\/mmt-logo-italtrans-racing.png 600w\" data-sizes=\"auto\" data-orig-sizes=\"(max-width: 820px) 100vw, 200px\" \/><\/a><\/span><\/div><\/div><\/div><div class=\"fusion-layout-column fusion_builder_column fusion-builder-column-4 fusion_builder_column_1_6 1_6 fusion-flex-column\" style=\"--awb-bg-size:cover;--awb-width-large:16.6666666667%;--awb-margin-top-large:0px;--awb-spacing-right-large:11.52%;--awb-margin-bottom-large:0px;--awb-spacing-left-large:11.52%;--awb-width-medium:16.6666666667%;--awb-order-medium:0;--awb-spacing-right-medium:11.52%;--awb-spacing-left-medium:11.52%;--awb-width-small:50%;--awb-order-small:0;--awb-spacing-right-small:3.84%;--awb-margin-bottom-small:40px;--awb-spacing-left-small:3.84%;\"><div class=\"fusion-column-wrapper fusion-column-has-shadow fusion-flex-justify-content-flex-start fusion-content-layout-column\"><div class=\"fusion-image-element\" style=\"text-align:center;--awb-max-width:180px;--awb-caption-title-font-family:var(--h2_typography-font-family);--awb-caption-title-font-weight:var(--h2_typography-font-weight);--awb-caption-title-font-style:var(--h2_typography-font-style);--awb-caption-title-size:var(--h2_typography-font-size);--awb-caption-title-transform:var(--h2_typography-text-transform);--awb-caption-title-line-height:var(--h2_typography-line-height);--awb-caption-title-letter-spacing:var(--h2_typography-letter-spacing);\"><span class=\"fusion-imageframe imageframe-none imageframe-2 hover-type-none\"><a class=\"fusion-no-lightbox\" href=\"https:\/\/www.facebook.com\/ValtrTeam\/\" target=\"_blank\" aria-label=\"Valtr logo\" rel=\"noopener noreferrer\"><img decoding=\"async\" width=\"600\" height=\"300\" alt=\"Valtr logo\" src=\"https:\/\/mmtechnology.eu\/wp-content\/uploads\/2024\/05\/mmt-logo-valtr.png\" data-orig-src=\"https:\/\/mmtechnology.eu\/wp-content\/uploads\/2024\/05\/mmt-logo-valtr.png\" class=\"lazyload img-responsive wp-image-1551\" srcset=\"data:image\/svg+xml,%3Csvg%20xmlns%3D%27http%3A%2F%2Fwww.w3.org%2F2000%2Fsvg%27%20width%3D%27600%27%20height%3D%27300%27%20viewBox%3D%270%200%20600%20300%27%3E%3Crect%20width%3D%27600%27%20height%3D%27300%27%20fill-opacity%3D%220%22%2F%3E%3C%2Fsvg%3E\" data-srcset=\"https:\/\/mmtechnology.eu\/wp-content\/uploads\/2024\/05\/mmt-logo-valtr-200x100.png 200w, https:\/\/mmtechnology.eu\/wp-content\/uploads\/2024\/05\/mmt-logo-valtr-400x200.png 400w, https:\/\/mmtechnology.eu\/wp-content\/uploads\/2024\/05\/mmt-logo-valtr.png 600w\" data-sizes=\"auto\" data-orig-sizes=\"(max-width: 820px) 100vw, 200px\" \/><\/a><\/span><\/div><\/div><\/div><div class=\"fusion-layout-column fusion_builder_column fusion-builder-column-5 fusion_builder_column_1_6 1_6 fusion-flex-column\" style=\"--awb-bg-size:cover;--awb-width-large:16.6666666667%;--awb-margin-top-large:0px;--awb-spacing-right-large:11.52%;--awb-margin-bottom-large:0px;--awb-spacing-left-large:11.52%;--awb-width-medium:16.6666666667%;--awb-order-medium:0;--awb-spacing-right-medium:11.52%;--awb-spacing-left-medium:11.52%;--awb-width-small:50%;--awb-order-small:0;--awb-spacing-right-small:3.84%;--awb-margin-bottom-small:40px;--awb-spacing-left-small:3.84%;\"><div class=\"fusion-column-wrapper fusion-column-has-shadow fusion-flex-justify-content-flex-start fusion-content-layout-column\"><div class=\"fusion-image-element\" style=\"text-align:center;--awb-max-width:180px;--awb-caption-title-font-family:var(--h2_typography-font-family);--awb-caption-title-font-weight:var(--h2_typography-font-weight);--awb-caption-title-font-style:var(--h2_typography-font-style);--awb-caption-title-size:var(--h2_typography-font-size);--awb-caption-title-transform:var(--h2_typography-text-transform);--awb-caption-title-line-height:var(--h2_typography-line-height);--awb-caption-title-letter-spacing:var(--h2_typography-letter-spacing);\"><span class=\"fusion-imageframe imageframe-none imageframe-3 hover-type-none\"><a class=\"fusion-no-lightbox\" href=\"https:\/\/firemendakarteam.nl\/\" target=\"_blank\" aria-label=\"Firemen Dakarteam logo\" rel=\"noopener noreferrer\"><img decoding=\"async\" width=\"600\" height=\"300\" alt=\"Firemen Dakarteam logo\" src=\"https:\/\/mmtechnology.eu\/wp-content\/uploads\/2024\/05\/mmt-logo-firemen.png\" data-orig-src=\"https:\/\/mmtechnology.eu\/wp-content\/uploads\/2024\/05\/mmt-logo-firemen.png\" class=\"lazyload img-responsive wp-image-1546\" srcset=\"data:image\/svg+xml,%3Csvg%20xmlns%3D%27http%3A%2F%2Fwww.w3.org%2F2000%2Fsvg%27%20width%3D%27600%27%20height%3D%27300%27%20viewBox%3D%270%200%20600%20300%27%3E%3Crect%20width%3D%27600%27%20height%3D%27300%27%20fill-opacity%3D%220%22%2F%3E%3C%2Fsvg%3E\" data-srcset=\"https:\/\/mmtechnology.eu\/wp-content\/uploads\/2024\/05\/mmt-logo-firemen-200x100.png 200w, https:\/\/mmtechnology.eu\/wp-content\/uploads\/2024\/05\/mmt-logo-firemen-400x200.png 400w, https:\/\/mmtechnology.eu\/wp-content\/uploads\/2024\/05\/mmt-logo-firemen.png 600w\" data-sizes=\"auto\" data-orig-sizes=\"(max-width: 820px) 100vw, 200px\" \/><\/a><\/span><\/div><\/div><\/div><div class=\"fusion-layout-column fusion_builder_column fusion-builder-column-6 fusion_builder_column_1_6 1_6 fusion-flex-column\" style=\"--awb-bg-size:cover;--awb-width-large:16.6666666667%;--awb-margin-top-large:0px;--awb-spacing-right-large:11.52%;--awb-margin-bottom-large:0px;--awb-spacing-left-large:11.52%;--awb-width-medium:16.6666666667%;--awb-order-medium:0;--awb-spacing-right-medium:11.52%;--awb-spacing-left-medium:11.52%;--awb-width-small:50%;--awb-order-small:0;--awb-spacing-right-small:3.84%;--awb-margin-bottom-small:40px;--awb-spacing-left-small:3.84%;\"><div class=\"fusion-column-wrapper fusion-column-has-shadow fusion-flex-justify-content-flex-start fusion-content-layout-column\"><div class=\"fusion-image-element\" style=\"text-align:center;--awb-max-width:180px;--awb-caption-title-font-family:var(--h2_typography-font-family);--awb-caption-title-font-weight:var(--h2_typography-font-weight);--awb-caption-title-font-style:var(--h2_typography-font-style);--awb-caption-title-size:var(--h2_typography-font-size);--awb-caption-title-transform:var(--h2_typography-text-transform);--awb-caption-title-line-height:var(--h2_typography-line-height);--awb-caption-title-letter-spacing:var(--h2_typography-letter-spacing);\"><span class=\"fusion-imageframe imageframe-none imageframe-4 hover-type-none\"><a class=\"fusion-no-lightbox\" href=\"https:\/\/dakarspeed.nl\/\" target=\"_blank\" aria-label=\"Dakar Speed logo\" rel=\"noopener noreferrer\"><img decoding=\"async\" width=\"600\" height=\"300\" alt=\"Dakar Speed logo\" src=\"https:\/\/mmtechnology.eu\/wp-content\/uploads\/2024\/05\/mmt-logo-dakarspeed.png\" data-orig-src=\"https:\/\/mmtechnology.eu\/wp-content\/uploads\/2024\/05\/mmt-logo-dakarspeed.png\" class=\"lazyload img-responsive wp-image-1545\" srcset=\"data:image\/svg+xml,%3Csvg%20xmlns%3D%27http%3A%2F%2Fwww.w3.org%2F2000%2Fsvg%27%20width%3D%27600%27%20height%3D%27300%27%20viewBox%3D%270%200%20600%20300%27%3E%3Crect%20width%3D%27600%27%20height%3D%27300%27%20fill-opacity%3D%220%22%2F%3E%3C%2Fsvg%3E\" data-srcset=\"https:\/\/mmtechnology.eu\/wp-content\/uploads\/2024\/05\/mmt-logo-dakarspeed-200x100.png 200w, https:\/\/mmtechnology.eu\/wp-content\/uploads\/2024\/05\/mmt-logo-dakarspeed-400x200.png 400w, https:\/\/mmtechnology.eu\/wp-content\/uploads\/2024\/05\/mmt-logo-dakarspeed.png 600w\" data-sizes=\"auto\" data-orig-sizes=\"(max-width: 820px) 100vw, 200px\" \/><\/a><\/span><\/div><\/div><\/div><div class=\"fusion-layout-column fusion_builder_column fusion-builder-column-7 fusion_builder_column_1_6 1_6 fusion-flex-column\" style=\"--awb-bg-size:cover;--awb-width-large:16.6666666667%;--awb-margin-top-large:0px;--awb-spacing-right-large:11.52%;--awb-margin-bottom-large:0px;--awb-spacing-left-large:11.52%;--awb-width-medium:16.6666666667%;--awb-order-medium:0;--awb-spacing-right-medium:11.52%;--awb-spacing-left-medium:11.52%;--awb-width-small:50%;--awb-order-small:0;--awb-spacing-right-small:3.84%;--awb-margin-bottom-small:40px;--awb-spacing-left-small:3.84%;\"><div class=\"fusion-column-wrapper fusion-column-has-shadow fusion-flex-justify-content-flex-start fusion-content-layout-column\"><div class=\"fusion-image-element\" style=\"text-align:center;--awb-max-width:180px;--awb-caption-title-font-family:var(--h2_typography-font-family);--awb-caption-title-font-weight:var(--h2_typography-font-weight);--awb-caption-title-font-style:var(--h2_typography-font-style);--awb-caption-title-size:var(--h2_typography-font-size);--awb-caption-title-transform:var(--h2_typography-text-transform);--awb-caption-title-line-height:var(--h2_typography-line-height);--awb-caption-title-letter-spacing:var(--h2_typography-letter-spacing);\"><span class=\"fusion-imageframe imageframe-none imageframe-5 hover-type-none\"><a class=\"fusion-no-lightbox\" href=\"https:\/\/www.project2030.com\/\" target=\"_blank\" aria-label=\"Project 2030 logo\" rel=\"noopener noreferrer\"><img decoding=\"async\" width=\"600\" height=\"300\" alt=\"Project 2030 logo\" src=\"https:\/\/mmtechnology.eu\/wp-content\/uploads\/2024\/05\/mmt-logo-project2030.png\" data-orig-src=\"https:\/\/mmtechnology.eu\/wp-content\/uploads\/2024\/05\/mmt-logo-project2030.png\" class=\"lazyload img-responsive wp-image-1549\" srcset=\"data:image\/svg+xml,%3Csvg%20xmlns%3D%27http%3A%2F%2Fwww.w3.org%2F2000%2Fsvg%27%20width%3D%27600%27%20height%3D%27300%27%20viewBox%3D%270%200%20600%20300%27%3E%3Crect%20width%3D%27600%27%20height%3D%27300%27%20fill-opacity%3D%220%22%2F%3E%3C%2Fsvg%3E\" data-srcset=\"https:\/\/mmtechnology.eu\/wp-content\/uploads\/2024\/05\/mmt-logo-project2030-200x100.png 200w, https:\/\/mmtechnology.eu\/wp-content\/uploads\/2024\/05\/mmt-logo-project2030-400x200.png 400w, https:\/\/mmtechnology.eu\/wp-content\/uploads\/2024\/05\/mmt-logo-project2030.png 600w\" data-sizes=\"auto\" data-orig-sizes=\"(max-width: 820px) 100vw, 200px\" \/><\/a><\/span><\/div><\/div><\/div><div class=\"fusion-layout-column fusion_builder_column fusion-builder-column-8 fusion_builder_column_1_6 1_6 fusion-flex-column\" style=\"--awb-bg-size:cover;--awb-width-large:16.6666666667%;--awb-margin-top-large:0px;--awb-spacing-right-large:11.52%;--awb-margin-bottom-large:0px;--awb-spacing-left-large:11.52%;--awb-width-medium:16.6666666667%;--awb-order-medium:0;--awb-spacing-right-medium:11.52%;--awb-spacing-left-medium:11.52%;--awb-width-small:50%;--awb-order-small:0;--awb-spacing-right-small:3.84%;--awb-margin-bottom-small:40px;--awb-spacing-left-small:3.84%;\"><div class=\"fusion-column-wrapper fusion-column-has-shadow fusion-flex-justify-content-flex-start fusion-content-layout-column\"><div class=\"fusion-image-element\" style=\"text-align:center;--awb-max-width:180px;--awb-caption-title-font-family:var(--h2_typography-font-family);--awb-caption-title-font-weight:var(--h2_typography-font-weight);--awb-caption-title-font-style:var(--h2_typography-font-style);--awb-caption-title-size:var(--h2_typography-font-size);--awb-caption-title-transform:var(--h2_typography-text-transform);--awb-caption-title-line-height:var(--h2_typography-line-height);--awb-caption-title-letter-spacing:var(--h2_typography-letter-spacing);\"><span class=\"fusion-imageframe imageframe-none imageframe-6 hover-type-none\"><a class=\"fusion-no-lightbox\" href=\"https:\/\/www.facebook.com\/people\/Ruhrtal_racing\/100063760230474\/\" target=\"_blank\" aria-label=\"Ruhrtal racing logo\" rel=\"noopener noreferrer\"><img decoding=\"async\" width=\"600\" height=\"300\" alt=\"Ruhrtal racing logo\" src=\"https:\/\/mmtechnology.eu\/wp-content\/uploads\/2024\/05\/mmt-logo-ruhrtal.png\" data-orig-src=\"https:\/\/mmtechnology.eu\/wp-content\/uploads\/2024\/05\/mmt-logo-ruhrtal.png\" class=\"lazyload img-responsive wp-image-1550\" srcset=\"data:image\/svg+xml,%3Csvg%20xmlns%3D%27http%3A%2F%2Fwww.w3.org%2F2000%2Fsvg%27%20width%3D%27600%27%20height%3D%27300%27%20viewBox%3D%270%200%20600%20300%27%3E%3Crect%20width%3D%27600%27%20height%3D%27300%27%20fill-opacity%3D%220%22%2F%3E%3C%2Fsvg%3E\" data-srcset=\"https:\/\/mmtechnology.eu\/wp-content\/uploads\/2024\/05\/mmt-logo-ruhrtal-200x100.png 200w, https:\/\/mmtechnology.eu\/wp-content\/uploads\/2024\/05\/mmt-logo-ruhrtal-400x200.png 400w, https:\/\/mmtechnology.eu\/wp-content\/uploads\/2024\/05\/mmt-logo-ruhrtal.png 600w\" data-sizes=\"auto\" data-orig-sizes=\"(max-width: 820px) 100vw, 200px\" \/><\/a><\/span><\/div><\/div><\/div><\/div><\/div>\n<\/p>","protected":false},"excerpt":{"rendered":"","protected":false},"author":1,"featured_media":0,"parent":0,"menu_order":0,"comment_status":"closed","ping_status":"closed","template":"100-width.php","meta":{"footnotes":""},"class_list":["post-1740","page","type-page","status-publish","hentry"],"_links":{"self":[{"href":"https:\/\/mmtechnology.eu\/cs\/wp-json\/wp\/v2\/pages\/1740","targetHints":{"allow":["GET"]}}],"collection":[{"href":"https:\/\/mmtechnology.eu\/cs\/wp-json\/wp\/v2\/pages"}],"about":[{"href":"https:\/\/mmtechnology.eu\/cs\/wp-json\/wp\/v2\/types\/page"}],"author":[{"embeddable":true,"href":"https:\/\/mmtechnology.eu\/cs\/wp-json\/wp\/v2\/users\/1"}],"replies":[{"embeddable":true,"href":"https:\/\/mmtechnology.eu\/cs\/wp-json\/wp\/v2\/comments?post=1740"}],"version-history":[{"count":10,"href":"https:\/\/mmtechnology.eu\/cs\/wp-json\/wp\/v2\/pages\/1740\/revisions"}],"predecessor-version":[{"id":3147,"href":"https:\/\/mmtechnology.eu\/cs\/wp-json\/wp\/v2\/pages\/1740\/revisions\/3147"}],"wp:attachment":[{"href":"https:\/\/mmtechnology.eu\/cs\/wp-json\/wp\/v2\/media?parent=1740"}],"curies":[{"name":"wp","href":"https:\/\/api.w.org\/{rel}","templated":true}]}}